{"id":77,"date":"2025-03-01T13:31:26","date_gmt":"2025-03-01T13:31:26","guid":{"rendered":"https:\/\/storstengard.com\/?page_id=77"},"modified":"2025-05-05T08:20:12","modified_gmt":"2025-05-05T08:20:12","slug":"dagexcursies","status":"publish","type":"page","link":"https:\/\/storstengard.com\/?page_id=77","title":{"rendered":"Dagexcursies"},"content":{"rendered":"\n<div class=\"wp-block-group alignfull has-global-padding is-content-justification-center is-layout-constrained wp-block-group-is-layout-constrained\" style=\"margin-top:0;margin-bottom:0\">\n<div style=\"height:var(--wp--preset--spacing--20)\" aria-hidden=\"true\" class=\"wp-block-spacer\"><\/div>\n\n\n\n<div class=\"wp-block-group alignwide is-layout-flow wp-block-group-is-layout-flow\">\n<div class=\"wp-block-columns alignwide are-vertically-aligned-top is-layout-flex wp-container-core-columns-is-layout-5c8fb865 wp-block-columns-is-layout-flex\">\n<div class=\"wp-block-column is-vertically-aligned-top has-global-padding is-content-justification-left is-layout-constrained wp-container-core-column-is-layout-95996b15 wp-block-column-is-layout-constrained\">\n<h1 class=\"wp-block-heading\">Dagexcursies<\/h1>\n<\/div>\n\n\n\n<div class=\"wp-block-column is-vertically-aligned-top is-layout-flow wp-block-column-is-layout-flow\" style=\"flex-basis:40%\">\n<p>Of je nu houdt van actieve avonturen, rustieke natuurervaringen of gezellige uitjes met het gezin \u2013 in en rond Dala-J\u00e4rna is voor ieder wat wils. Van sportieve activiteiten in het Skid-stadion tot ontspannen momenten aan het water of bijzondere belevenissen onder de grond: laat je inspireren door onze selectie van gevarieerde dagtochten op korte afstand.<\/p>\n<\/div>\n<\/div>\n\n\n\n<div style=\"height:var(--wp--preset--spacing--20)\" aria-hidden=\"true\" class=\"wp-block-spacer\"><\/div>\n\n\n\n<figure class=\"wp-block-image size-full is-resized is-style-rounded is-style-rounded--1\"><img decoding=\"async\" src=\"https:\/\/storstengard.com\/wp-content\/uploads\/2025\/03\/1CFC8B94-07B4-425F-9CC5-77F184552195-scaled.jpeg\" alt=\"\" class=\"wp-image-39\" style=\"aspect-ratio:16\/9;object-fit:cover;width:1232px;height:auto\"\/><\/figure>\n<\/div>\n\n\n\n<div style=\"height:var(--wp--preset--spacing--20)\" aria-hidden=\"true\" class=\"wp-block-spacer\"><\/div>\n<\/div>\n\n\n\n<div class=\"wp-block-group alignfull has-base-2-background-color has-background has-global-padding is-layout-constrained wp-container-core-group-is-layout-669513ed wp-block-group-is-layout-constrained\" style=\"margin-top:0;margin-bottom:0;padding-top:var(--wp--preset--spacing--50);padding-right:var(--wp--preset--spacing--50);padding-bottom:var(--wp--preset--spacing--50);padding-left:var(--wp--preset--spacing--50)\">\n<div class=\"wp-block-group is-vertical is-content-justification-center is-layout-flex wp-container-core-group-is-layout-52b864f0 wp-block-group-is-layout-flex\">\n<h2 class=\"wp-block-heading has-text-align-center is-style-asterisk\">Ontdek de mooiste Dagexcursies<\/h2>\n\n\n\n<div style=\"height:0px\" aria-hidden=\"true\" class=\"wp-block-spacer wp-container-content-4f2ccadb\"><\/div>\n<\/div>\n\n\n\n<div style=\"margin-top:0;margin-bottom:0;height:var(--wp--preset--spacing--40)\" aria-hidden=\"true\" class=\"wp-block-spacer\"><\/div>\n\n\n\n<div class=\"wp-block-columns alignwide is-layout-flex wp-container-core-columns-is-layout-d0bbbce0 wp-block-columns-is-layout-flex\">\n<div class=\"wp-block-column is-layout-flow wp-container-core-column-is-layout-e3d1c41b wp-block-column-is-layout-flow\">\n<h3 class=\"wp-block-heading has-text-align-left is-style-asterisk has-body-font-family has-medium-font-size\" style=\"font-style:normal;font-weight:600\">Skid-stadion (14 km)<\/h3>\n\n\n\n<p class=\"has-text-align-left\">Het skistadion Sn\u00f6\u00e5, een paar kilometer van Dala-J\u00e4rna, is een gemakkelijk toegankelijke faciliteit voor wellness, lichaamsbeweging, training en competitie op het gebied van langlaufen, biatlon en mountainbiken.<\/p>\n<\/div>\n\n\n\n<div class=\"wp-block-column is-layout-flow wp-container-core-column-is-layout-e3d1c41b wp-block-column-is-layout-flow\">\n<h3 class=\"wp-block-heading has-text-align-left is-style-asterisk has-body-font-family has-medium-font-size\" style=\"font-style:normal;font-weight:600\">Ryggastugan (14 km)<\/h3>\n\n\n\n<p class=\"has-text-align-left\">Een prachtig bistro op een unieke locatie! Het ligt verscholen tussen hoge, statige dennenbomen op een heuvel aan de oever van het meer Storsj\u00f6n. Met zitjes binnen, buiten in de tuin en op de grote steiger. In de zomer kunt u aan het water zitten en koffie drinken of eten. In de winter wordt er een vuurtje in de open haard aangestoken en kunt u genieten van de gezelligheid van het huisje.<\/p>\n\n\n\n<p class=\"has-text-align-left\"><\/p>\n<\/div>\n\n\n\n<div class=\"wp-block-column is-layout-flow wp-container-core-column-is-layout-e3d1c41b wp-block-column-is-layout-flow\">\n<h3 class=\"wp-block-heading has-text-align-left is-style-asterisk has-body-font-family has-medium-font-size\" style=\"font-style:normal;font-weight:600\">Gladtj\u00e4rns badplats (19 km)<\/h3>\n\n\n\n<p class=\"has-text-align-left\">Het gebied is een schatkamer voor natuurliefhebbers. Verken het magische H\u00e4st\u00e4ngsleden-pad, perfect voor zowel wandelen als ski\u00ebn, afhankelijk van het seizoen. Visliefhebbers zullen genieten van de nabijheid van Glatj\u00e4rn en V\u00e4sterdal\u00e4lven. Bovendien bevindt u zich op slechts 6 km van het centrum van Vansbro, waardoor u gemakkelijk de lokale bezienswaardigheden kunt verkennen. De bakker is een aanrader!<\/p>\n\n\n\n<p class=\"has-text-align-left\"><\/p>\n<\/div>\n<\/div>\n\n\n\n<div style=\"height:var(--wp--preset--spacing--20)\" aria-hidden=\"true\" class=\"wp-block-spacer\"><\/div>\n\n\n\n<div class=\"wp-block-columns alignwide is-layout-flex wp-container-core-columns-is-layout-d0bbbce0 wp-block-columns-is-layout-flex\">\n<div class=\"wp-block-column is-layout-flow wp-container-core-column-is-layout-e3d1c41b wp-block-column-is-layout-flow\">\n<h3 class=\"wp-block-heading has-text-align-left is-style-asterisk has-body-font-family has-medium-font-size\" style=\"font-style:normal;font-weight:600\">Scubaduiken en sauna in Borl\u00e4nge (60 km)<\/h3>\n\n\n\n<p class=\"has-text-align-left\">De Adventuremine is een oude kopermijn in Borl\u00e4nge. Met een gids kun je de 80 meter diepe mijn in voor diverse activiteiten, waarbij je het oude gangenstelsel verkent. Via een kabelroute overbrug je het ondergrondse meer en daarna kun je scubaduiken in de oude mijnkamers. En daarna kun je ontspannen in misschien wel de diepste sauna ter wereld.<\/p>\n\n\n\n<p class=\"has-text-align-left\"><\/p>\n<\/div>\n\n\n\n<div class=\"wp-block-column is-layout-flow wp-container-core-column-is-layout-e3d1c41b wp-block-column-is-layout-flow\">\n<h3 class=\"wp-block-heading has-text-align-left is-style-asterisk has-body-font-family has-medium-font-size\" style=\"font-style:normal;font-weight:600\">Kl\u00e5ppen &#8211; Ski resort (110 km)<\/h3>\n\n\n\n<p class=\"has-text-align-left\">Hier kun je in de zomer actief genieten van alles wat de natuur te bieden heeft. Ga kano\u00ebn op de mooie rivier de V\u00e4sterdal\u00e4lven, neem de gondel naar de top van het Kl\u00e4ppenberget of daag je vrienden uit met een potje discgolf. In de winter krijg je hier volop de kans om te genieten van de wintersport. Kl\u00e4ppen beschikt zelfs over het grootste aantal pistes met sneeuwgarantie in heel Zweden, evenals de enige gondellift in het berggebied S\u00e4len. Dankzij de beschutte ligging blijven de skiliften hier vaak open, zelfs wanneer andere skigebieden in S\u00e4len sluiten wegens harde wind. En als je van sneeuwparken houdt, biedt deze plek ook uitstekende mogelijkheden!<\/p>\n\n\n\n<p class=\"has-text-align-left\"><\/p>\n<\/div>\n\n\n\n<div class=\"wp-block-column is-layout-flow wp-container-core-column-is-layout-e3d1c41b wp-block-column-is-layout-flow\">\n<h3 class=\"wp-block-heading has-text-align-left is-style-asterisk has-body-font-family has-medium-font-size\" style=\"font-style:normal;font-weight:600\">Zomerski\u00ebn in S\u00e4len (139 km)<\/h3>\n\n\n\n<p class=\"has-text-align-left\">Dat je in de winter in Dalarna uitstekend kunt ski\u00ebn is bekend, maar vanaf de zomer 2023 kun je ook in de zomer de piste op.<br>In S\u00e4len opent Skistar een 7000 vierkante meter skipiste van speciaal kunstgras dat het gevoel van sneeuw perfect imiteert. Het materiaal is ontwikkeld en bedacht in Zweden en geheel vervaardigd van suikerriet.<\/p>\n\n\n\n<p class=\"has-text-align-left\"><\/p>\n<\/div>\n<\/div>\n<\/div>\n\n\n\n<div class=\"wp-block-group alignfull has-base-color has-accent-3-background-color has-text-color has-background has-global-padding is-layout-constrained wp-container-core-group-is-layout-ef3d885c wp-block-group-is-layout-constrained\" style=\"margin-top:0;margin-bottom:0;padding-top:var(--wp--preset--spacing--60);padding-right:var(--wp--preset--spacing--60);padding-bottom:var(--wp--preset--spacing--60);padding-left:var(--wp--preset--spacing--60)\">\n<div class=\"wp-block-group has-global-padding is-layout-constrained wp-block-group-is-layout-constrained\">\n<p class=\"has-text-align-center has-base-color has-text-color has-heading-font-family has-x-large-font-size\" style=\"line-height:1.2\"><em>&#8220;Hier een review van iemand die een workshop of meerdere heeft gedaan!&#8221;<\/em><\/p>\n\n\n\n<div class=\"wp-block-group is-vertical is-content-justification-center is-nowrap is-layout-flex wp-container-core-group-is-layout-2dc08cea wp-block-group-is-layout-flex\">\n<p class=\"has-text-align-center\" style=\"margin-top:var(--wp--preset--spacing--10);margin-bottom:0\">Voornaam Achternaam<\/p>\n<\/div>\n<\/div>\n<\/div>\n","protected":false},"excerpt":{"rendered":"<p>Dagexcursies Of je nu houdt van actieve avonturen, rustieke natuurervaringen of gezellige uitjes met het gezin \u2013 in en rond Dala-J\u00e4rna is voor ieder wat wils. Van sportieve activiteiten in het Skid-stadion tot ontspannen momenten aan het water of bijzondere belevenissen onder de grond: laat je inspireren door onze selectie van gevarieerde dagtochten op korte [&hellip;]<\/p>\n","protected":false},"author":1,"featured_media":0,"parent":0,"menu_order":0,"comment_status":"closed","ping_status":"closed","template":"","meta":{"footnotes":""},"class_list":["post-77","page","type-page","status-publish","hentry"],"_links":{"self":[{"href":"https:\/\/storstengard.com\/index.php?rest_route=\/wp\/v2\/pages\/77","targetHints":{"allow":["GET"]}}],"collection":[{"href":"https:\/\/storstengard.com\/index.php?rest_route=\/wp\/v2\/pages"}],"about":[{"href":"https:\/\/storstengard.com\/index.php?rest_route=\/wp\/v2\/types\/page"}],"author":[{"embeddable":true,"href":"https:\/\/storstengard.com\/index.php?rest_route=\/wp\/v2\/users\/1"}],"replies":[{"embeddable":true,"href":"https:\/\/storstengard.com\/index.php?rest_route=%2Fwp%2Fv2%2Fcomments&post=77"}],"version-history":[{"count":2,"href":"https:\/\/storstengard.com\/index.php?rest_route=\/wp\/v2\/pages\/77\/revisions"}],"predecessor-version":[{"id":139,"href":"https:\/\/storstengard.com\/index.php?rest_route=\/wp\/v2\/pages\/77\/revisions\/139"}],"wp:attachment":[{"href":"https:\/\/storstengard.com\/index.php?rest_route=%2Fwp%2Fv2%2Fmedia&parent=77"}],"curies":[{"name":"wp","href":"https:\/\/api.w.org\/{rel}","templated":true}]}}